{"id":1564,"date":"2020-12-01T16:56:59","date_gmt":"2020-12-01T13:56:59","guid":{"rendered":"http:\/\/www.grafas.org\/demo05\/?page_id=1564"},"modified":"2023-03-14T22:40:47","modified_gmt":"2023-03-14T22:40:47","slug":"portfolio","status":"publish","type":"page","link":"https:\/\/netis.com.co\/index.php\/portfolio\/","title":{"rendered":"Portfolio"},"content":{"rendered":"<style>\/*! elementor - v3.11.5 - 14-03-2023 *\/\n.elementor-heading-title{padding:0;margin:0;line-height:1}.elementor-widget-heading .elementor-heading-title[class*=elementor-size-]>a{color:inherit;font-size:inherit;line-height:inherit}.elementor-widget-heading .elementor-heading-title.elementor-size-small{font-size:15px}.elementor-widget-heading .elementor-heading-title.elementor-size-medium{font-size:19px}.elementor-widget-heading .elementor-heading-title.elementor-size-large{font-size:29px}.elementor-widget-heading .elementor-heading-title.elementor-size-xl{font-size:39px}.elementor-widget-heading .elementor-heading-title.elementor-size-xxl{font-size:59px}<\/style>\n<h1>NETIS<\/h1>\n<h3>Visi\u00f3n<\/h3>\n<p>Ser lideres en el mercado de servicios tecnol\u00f3gicos, brindando soluciones innovadoras y efectivas que permitan a las empresas su m\u00e1ximo potencial en la era digital.<\/p>\n<style>\/*! elementor - v3.11.5 - 14-03-2023 *\/\n.elementor-image-gallery .gallery-item{display:inline-block;text-align:center;vertical-align:top;width:100%;max-width:100%;margin:0 auto}.elementor-image-gallery .gallery-item img{margin:0 auto}.elementor-image-gallery .gallery-item .gallery-caption{margin:0}.elementor-image-gallery figure img{display:block}.elementor-image-gallery figure figcaption{width:100%}.gallery-spacing-custom .elementor-image-gallery .gallery-icon{padding:0}@media (min-width:768px){.elementor-image-gallery .gallery-columns-2 .gallery-item{max-width:50%}.elementor-image-gallery .gallery-columns-3 .gallery-item{max-width:33.33%}.elementor-image-gallery .gallery-columns-4 .gallery-item{max-width:25%}.elementor-image-gallery .gallery-columns-5 .gallery-item{max-width:20%}.elementor-image-gallery .gallery-columns-6 .gallery-item{max-width:16.666%}.elementor-image-gallery .gallery-columns-7 .gallery-item{max-width:14.28%}.elementor-image-gallery .gallery-columns-8 .gallery-item{max-width:12.5%}.elementor-image-gallery .gallery-columns-9 .gallery-item{max-width:11.11%}.elementor-image-gallery .gallery-columns-10 .gallery-item{max-width:10%}}@media (min-width:480px) and (max-width:767px){.elementor-image-gallery .gallery.gallery-columns-2 .gallery-item,.elementor-image-gallery .gallery.gallery-columns-3 .gallery-item,.elementor-image-gallery .gallery.gallery-columns-4 .gallery-item,.elementor-image-gallery .gallery.gallery-columns-5 .gallery-item,.elementor-image-gallery .gallery.gallery-columns-6 .gallery-item,.elementor-image-gallery .gallery.gallery-columns-7 .gallery-item,.elementor-image-gallery .gallery.gallery-columns-8 .gallery-item,.elementor-image-gallery .gallery.gallery-columns-9 .gallery-item,.elementor-image-gallery .gallery.gallery-columns-10 .gallery-item{max-width:50%}}@media (max-width:479px){.elementor-image-gallery .gallery.gallery-columns-2 .gallery-item,.elementor-image-gallery .gallery.gallery-columns-3 .gallery-item,.elementor-image-gallery .gallery.gallery-columns-4 .gallery-item,.elementor-image-gallery .gallery.gallery-columns-5 .gallery-item,.elementor-image-gallery .gallery.gallery-columns-6 .gallery-item,.elementor-image-gallery .gallery.gallery-columns-7 .gallery-item,.elementor-image-gallery .gallery.gallery-columns-8 .gallery-item,.elementor-image-gallery .gallery.gallery-columns-9 .gallery-item,.elementor-image-gallery .gallery.gallery-columns-10 .gallery-item{max-width:100%}}<\/style>\n<figure class='gallery-item'>\n\t\t\t\t<a data-elementor-open-lightbox=\"no\" href='https:\/\/netis.com.co\/wp-content\/uploads\/2023\/03\/NETIS-REDES-600-X-600.png'><img width=\"600\" height=\"600\" src=\"https:\/\/netis.com.co\/wp-content\/uploads\/2023\/03\/NETIS-REDES-600-X-600.png\" alt=\"\" decoding=\"async\" loading=\"lazy\" srcset=\"https:\/\/netis.com.co\/wp-content\/uploads\/2023\/03\/NETIS-REDES-600-X-600.png 600w, https:\/\/netis.com.co\/wp-content\/uploads\/2023\/03\/NETIS-REDES-600-X-600-300x300.png 300w, https:\/\/netis.com.co\/wp-content\/uploads\/2023\/03\/NETIS-REDES-600-X-600-150x150.png 150w\" sizes=\"auto, (max-width: 600px) 100vw, 600px\" \/><\/a><br \/>\n\t\t\t<\/figure>\n<figure class='gallery-item'>\n\t\t\t\t<a data-elementor-open-lightbox=\"no\" href='https:\/\/netis.com.co\/wp-content\/uploads\/2023\/03\/MUJER-COMPU-LOGO-600-X-600.png'><img width=\"600\" height=\"600\" src=\"https:\/\/netis.com.co\/wp-content\/uploads\/2023\/03\/MUJER-COMPU-LOGO-600-X-600.png\" alt=\"\" decoding=\"async\" loading=\"lazy\" srcset=\"https:\/\/netis.com.co\/wp-content\/uploads\/2023\/03\/MUJER-COMPU-LOGO-600-X-600.png 600w, https:\/\/netis.com.co\/wp-content\/uploads\/2023\/03\/MUJER-COMPU-LOGO-600-X-600-300x300.png 300w, https:\/\/netis.com.co\/wp-content\/uploads\/2023\/03\/MUJER-COMPU-LOGO-600-X-600-150x150.png 150w\" sizes=\"auto, (max-width: 600px) 100vw, 600px\" \/><\/a><br \/>\n\t\t\t<\/figure>\n<figure class='gallery-item'>\n\t\t\t\t<a data-elementor-open-lightbox=\"no\" href='https:\/\/netis.com.co\/wp-content\/uploads\/2023\/03\/NETIS-LOGO-11-600-X-600.png'><img width=\"600\" height=\"600\" src=\"https:\/\/netis.com.co\/wp-content\/uploads\/2023\/03\/NETIS-LOGO-11-600-X-600.png\" alt=\"\" decoding=\"async\" loading=\"lazy\" srcset=\"https:\/\/netis.com.co\/wp-content\/uploads\/2023\/03\/NETIS-LOGO-11-600-X-600.png 600w, https:\/\/netis.com.co\/wp-content\/uploads\/2023\/03\/NETIS-LOGO-11-600-X-600-300x300.png 300w, https:\/\/netis.com.co\/wp-content\/uploads\/2023\/03\/NETIS-LOGO-11-600-X-600-150x150.png 150w\" sizes=\"auto, (max-width: 600px) 100vw, 600px\" \/><\/a><br \/>\n\t\t\t<\/figure>\n<figure class='gallery-item'>\n\t\t\t\t<a data-elementor-open-lightbox=\"no\" href='https:\/\/netis.com.co\/wp-content\/uploads\/2023\/03\/NETIS-LOGO-512-X-512-1.png'><img width=\"512\" height=\"512\" src=\"https:\/\/netis.com.co\/wp-content\/uploads\/2023\/03\/NETIS-LOGO-512-X-512-1.png\" alt=\"\" decoding=\"async\" loading=\"lazy\" srcset=\"https:\/\/netis.com.co\/wp-content\/uploads\/2023\/03\/NETIS-LOGO-512-X-512-1.png 512w, https:\/\/netis.com.co\/wp-content\/uploads\/2023\/03\/NETIS-LOGO-512-X-512-1-300x300.png 300w, https:\/\/netis.com.co\/wp-content\/uploads\/2023\/03\/NETIS-LOGO-512-X-512-1-150x150.png 150w\" sizes=\"auto, (max-width: 512px) 100vw, 512px\" \/><\/a><br \/>\n\t\t\t<\/figure>\n<h2>Quieres Conocer M\u00e1s?<\/h2>\n<p>Inf\u00f3rmate sobre como transformar tu negocio.\u00a0 \u00a0<\/p>\n<p>\t\t\t<a href=\"#\" role=\"button\"><br \/>\n\t\t\t\t\t\tcontactenos<br \/>\n\t\t\t\t\t<\/a><\/p>\n","protected":false},"excerpt":{"rendered":"<p>NETIS Visi\u00f3n Ser lideres en el mercado de servicios tecnol\u00f3gicos, brindando soluciones innovadoras y efectivas que permitan a las empresas su m\u00e1ximo potencial en la era digital. Quieres Conocer M\u00e1s? Inf\u00f3rmate sobre como transformar tu negocio.\u00a0 \u00a0 contactenos<\/p>\n","protected":false},"author":1,"featured_media":0,"parent":0,"menu_order":0,"comment_status":"closed","ping_status":"closed","template":"","meta":{"_kad_post_transparent":"","_kad_post_title":"hide","_kad_post_layout":"fullwidth","_kad_post_sidebar_id":"","_kad_post_content_style":"unboxed","_kad_post_vertical_padding":"hide","_kad_post_feature":"hide","_kad_post_feature_position":"","_kad_post_header":false,"_kad_post_footer":false,"_kad_post_classname":"","footnotes":""},"class_list":["post-1564","page","type-page","status-publish","hentry"],"_links":{"self":[{"href":"https:\/\/netis.com.co\/index.php\/wp-json\/wp\/v2\/pages\/1564","targetHints":{"allow":["GET"]}}],"collection":[{"href":"https:\/\/netis.com.co\/index.php\/wp-json\/wp\/v2\/pages"}],"about":[{"href":"https:\/\/netis.com.co\/index.php\/wp-json\/wp\/v2\/types\/page"}],"author":[{"embeddable":true,"href":"https:\/\/netis.com.co\/index.php\/wp-json\/wp\/v2\/users\/1"}],"replies":[{"embeddable":true,"href":"https:\/\/netis.com.co\/index.php\/wp-json\/wp\/v2\/comments?post=1564"}],"version-history":[{"count":7,"href":"https:\/\/netis.com.co\/index.php\/wp-json\/wp\/v2\/pages\/1564\/revisions"}],"predecessor-version":[{"id":2243,"href":"https:\/\/netis.com.co\/index.php\/wp-json\/wp\/v2\/pages\/1564\/revisions\/2243"}],"wp:attachment":[{"href":"https:\/\/netis.com.co\/index.php\/wp-json\/wp\/v2\/media?parent=1564"}],"curies":[{"name":"wp","href":"https:\/\/api.w.org\/{rel}","templated":true}]}}